{"id":2673,"date":"2022-12-20T09:37:53","date_gmt":"2022-12-20T08:37:53","guid":{"rendered":"https:\/\/thegameassembly.com\/se\/?page_id=2673"},"modified":"2026-02-18T15:50:07","modified_gmt":"2026-02-18T14:50:07","slug":"jobb","status":"publish","type":"page","link":"https:\/\/thegameassembly.com\/se\/jobb\/","title":{"rendered":"Lediga tj\u00e4nster"},"content":{"rendered":"\n\t\n\t\n\t\n\t\n\t\n\n<section \n\tclass=\"ams-hero ams-hero--classic ams-hero--75 c-block l-stacked  \"\n\tdata-color-scheme=\"header-bg-black-text-white-overlay-black-60\"\n\tstyle=\"--hero-content-width: 600px;\">\n\t<div class=\"ams-hero__container u-items-start u-justify-end\">\n\t\t<div\n\t\t\tclass=\"ams-hero__content l-stack l-stack-xl is-left is-left@md\" >\n\t\t\t<div class=\"l-stack l-stack-lg\">\n\t\t\t\t\t\n\t<h1\n\tclass=\"c-heading u-font-title-1 \"\n\tstyle=\"\">\n\t\t\n\t\t\t\t\t\t\t\t\tJobba med oss\n\t\t\t\t<span class=\"c-heading__sub is-below u-font-preamble\">\n\t\t\t\t\tThe Game Assembly erbjuder en kreativ, energigivande, ambiti\u00f6s och omt\u00e4nksam milj\u00f6.\n\t\t\t\t<\/span>\n\t\t\t\t\t\t\t\n\t<\/h1>\n\n\t\t\t\t\t\t\t\t\t<div class=\"text l-stack u-font-body\">\n\t\t\t\t\t\t<p>Arbetet med att utbilda drivna och nyfikna individer \u00e4r otroligt givande och utvecklande, b\u00e5de p\u00e5 ett personligt och professionellt plan. Vi \u00e4r ett sammansvetsat team som alla har ett stort engagemang och driv, d\u00e4r vi bidrar p\u00e5 olika s\u00e4tt utifr\u00e5n sina egna erfarenheter och kunskapsomr\u00e5den.<\/p>\n\n\t\t\t\t\t<\/div>\n\t\t\t\t\t\t\t<\/div>\n\n\t\t\t\t\t<\/div>\n\t<\/div>\n\n\t\t<div class=\"c-bg c-bg--video\" data-position=\"middle-center\">\n\t\t<button type=\"button\" class=\"c-bg--video-btn u-p-xs\" aria-label=\"Pausa bakgrundsvideon\">\n\t\t\t<i class=\"fas fa-pause\"><\/i>\n\t\t<\/button>\n\t\t<video autoplay loop muted playsinline >\n\t\t\t<source src=\"https:\/\/thegameassembly.com\/wp-content\/uploads\/sites\/2\/2023\/01\/jobb-pa-tga-verk-skapat-av-elin-carlstrom.mp4\" type=\"video\/mp4\">\n\t\t<\/video>\n\t<\/div>\n\n\t\t\t\n\t\t\t\t\t\t\t\n\t\t\t\t<div class=\"c-bg c-bg--img\" data-settings=\"{&quot;desktop_settings&quot;:{&quot;size&quot;:&quot;cover&quot;,&quot;position&quot;:&quot;middle-center&quot;},&quot;mobile_settings&quot;:{&quot;size&quot;:&quot;cover&quot;,&quot;position&quot;:&quot;top-center&quot;}}\" data-position=\"middle-center\" data-size=\"cover\">\n\t\t\t\n\t\t<\/div>\n\t\n\t<div class=\"c-overlay\" style=\"--overlay-bg: rgba(35,35,35,0.6);\"><\/div>\n<\/section>\n\n\n\n<div   class=\"module_wrapper shortcode-module   site__text-color--dark   typography__wrapper py-4\" >\n\n\t<div class=\"col-12 cmb-30 text-center col-md-8 offset-md-2\">\n\t<\/div>\n\n\t<div class=\"anchor_classes_div\"\n\t\t data-cta=\" nostyle site__a_cta \"\n\t\t data-theme=\" nostyle site__a_text \"\n\t\t data-darklight=\" nostyle site__a_dark \">\n\t\t\n\t<\/div>\n\n\t<div   class=\"shortcode-wrapper module-expand  is-style-container-full\">\n\t\t<div id=\"onecruiter_container\"><\/div> <script type=\"text\/javascript\" src=\"https:\/\/academedia-thegameassembly.onecruiter.com\/embed?container=onecruiter_container&#038;scrollOnLoad=true&#038;scrollOnRef=true\"><\/script>\t<\/div>\n\n\t<span   class=\"get-classlist btn text-center site__font-monospace pt-2 site__cta-bg--100 site__cta-bg--100 site__text-color--light site__text-color--dark slightly-rounded-corners-btn-shape mt-3 mr-4 mb-1 site__font-monospace\"\n\t\t  style=\"height:0px; opacity:0; margin:0 !important;\"><\/span>\n<\/div>\n\n","protected":false},"excerpt":{"rendered":"","protected":false},"author":2,"featured_media":0,"parent":0,"menu_order":0,"comment_status":"closed","ping_status":"closed","template":"","meta":{"footnotes":""},"yoast_head":"<!-- This site is optimized with the Yoast SEO plugin v22.0 - https:\/\/yoast.com\/wordpress\/plugins\/seo\/ -->\n<title>Jobba hos oss | Se v\u00e5ra lediga tj\u00e4nster p\u00e5 The Game Assembly<\/title>\n<meta name=\"description\" content=\"The Game Assembly erbjuder en kreativ, energigivande, ambiti\u00f6s och omt\u00e4nksam milj\u00f6. Se lediga tj\u00e4nster, eller l\u00e4mna en spontanans\u00f6kan h\u00e4r.\" \/>\n<meta name=\"robots\" content=\"index, follow, max-snippet:-1, max-image-preview:large, max-video-preview:-1\" \/>\n<link rel=\"canonical\" href=\"https:\/\/thegameassembly.com\/se\/jobb\/\" \/>\n<meta property=\"og:locale\" content=\"sv_SE\" \/>\n<meta property=\"og:type\" content=\"article\" \/>\n<meta property=\"og:title\" content=\"Jobba hos oss | Se v\u00e5ra lediga tj\u00e4nster p\u00e5 The Game Assembly\" \/>\n<meta property=\"og:description\" content=\"The Game Assembly erbjuder en kreativ, energigivande, ambiti\u00f6s och omt\u00e4nksam milj\u00f6. Se lediga tj\u00e4nster, eller l\u00e4mna en spontanans\u00f6kan h\u00e4r.\" \/>\n<meta property=\"og:url\" content=\"https:\/\/thegameassembly.com\/se\/jobb\/\" \/>\n<meta property=\"og:site_name\" content=\"The Game Assembly Sweden\" \/>\n<meta property=\"article:modified_time\" content=\"2026-02-18T14:50:07+00:00\" \/>\n<meta name=\"twitter:card\" content=\"summary_large_image\" \/>\n<meta name=\"twitter:title\" content=\"Jobba hos oss | Se v\u00e5ra lediga tj\u00e4nster p\u00e5 The Game Assembly\" \/>\n<meta name=\"twitter:description\" content=\"The Game Assembly erbjuder en kreativ, energigivande, ambiti\u00f6s och omt\u00e4nksam milj\u00f6. Se lediga tj\u00e4nster, eller l\u00e4mna en spontanans\u00f6kan h\u00e4r.\" \/>\n<meta name=\"twitter:label1\" content=\"Ber\u00e4knad l\u00e4stid\" \/>\n\t<meta name=\"twitter:data1\" content=\"1 minut\" \/>\n<script type=\"application\/ld+json\" class=\"yoast-schema-graph\">{\"@context\":\"https:\/\/schema.org\",\"@graph\":[{\"@type\":\"WebPage\",\"@id\":\"https:\/\/thegameassembly.com\/se\/jobb\/\",\"url\":\"https:\/\/thegameassembly.com\/se\/jobb\/\",\"name\":\"Jobba hos oss | Se v\u00e5ra lediga tj\u00e4nster p\u00e5 The Game Assembly\",\"isPartOf\":{\"@id\":\"https:\/\/thegameassembly.com\/se\/#website\"},\"datePublished\":\"2022-12-20T08:37:53+00:00\",\"dateModified\":\"2026-02-18T14:50:07+00:00\",\"description\":\"The Game Assembly erbjuder en kreativ, energigivande, ambiti\u00f6s och omt\u00e4nksam milj\u00f6. Se lediga tj\u00e4nster, eller l\u00e4mna en spontanans\u00f6kan h\u00e4r.\",\"inLanguage\":\"sv-SE\",\"potentialAction\":[{\"@type\":\"ReadAction\",\"target\":[\"https:\/\/thegameassembly.com\/se\/jobb\/\"]}]},{\"@type\":\"WebSite\",\"@id\":\"https:\/\/thegameassembly.com\/se\/#website\",\"url\":\"https:\/\/thegameassembly.com\/se\/\",\"name\":\"The Game Assembly Sweden\",\"description\":\"\",\"publisher\":{\"@id\":\"https:\/\/thegameassembly.com\/se\/#organization\"},\"potentialAction\":[{\"@type\":\"SearchAction\",\"target\":{\"@type\":\"EntryPoint\",\"urlTemplate\":\"https:\/\/thegameassembly.com\/se\/?s={search_term_string}\"},\"query-input\":\"required name=search_term_string\"}],\"inLanguage\":\"sv-SE\"},{\"@type\":\"Organization\",\"@id\":\"https:\/\/thegameassembly.com\/se\/#organization\",\"name\":\"The Game Assembly Sweden\",\"url\":\"https:\/\/thegameassembly.com\/se\/\",\"logo\":{\"@type\":\"ImageObject\",\"inLanguage\":\"sv-SE\",\"@id\":\"https:\/\/thegameassembly.com\/se\/#\/schema\/logo\/image\/\",\"url\":\"https:\/\/thegameassembly.com\/wp-content\/uploads\/sites\/2\/2022\/11\/tga-logotype-webb.png\",\"contentUrl\":\"https:\/\/thegameassembly.com\/wp-content\/uploads\/sites\/2\/2022\/11\/tga-logotype-webb.png\",\"width\":400,\"height\":96,\"caption\":\"The Game Assembly Sweden\"},\"image\":{\"@id\":\"https:\/\/thegameassembly.com\/se\/#\/schema\/logo\/image\/\"}}]}<\/script>\n<!-- \/ Yoast SEO plugin. -->","yoast_head_json":{"title":"Jobba hos oss | Se v\u00e5ra lediga tj\u00e4nster p\u00e5 The Game Assembly","description":"The Game Assembly erbjuder en kreativ, energigivande, ambiti\u00f6s och omt\u00e4nksam milj\u00f6. Se lediga tj\u00e4nster, eller l\u00e4mna en spontanans\u00f6kan h\u00e4r.","robots":{"index":"index","follow":"follow","max-snippet":"max-snippet:-1","max-image-preview":"max-image-preview:large","max-video-preview":"max-video-preview:-1"},"canonical":"https:\/\/thegameassembly.com\/se\/jobb\/","og_locale":"sv_SE","og_type":"article","og_title":"Jobba hos oss | Se v\u00e5ra lediga tj\u00e4nster p\u00e5 The Game Assembly","og_description":"The Game Assembly erbjuder en kreativ, energigivande, ambiti\u00f6s och omt\u00e4nksam milj\u00f6. Se lediga tj\u00e4nster, eller l\u00e4mna en spontanans\u00f6kan h\u00e4r.","og_url":"https:\/\/thegameassembly.com\/se\/jobb\/","og_site_name":"The Game Assembly Sweden","article_modified_time":"2026-02-18T14:50:07+00:00","twitter_card":"summary_large_image","twitter_title":"Jobba hos oss | Se v\u00e5ra lediga tj\u00e4nster p\u00e5 The Game Assembly","twitter_description":"The Game Assembly erbjuder en kreativ, energigivande, ambiti\u00f6s och omt\u00e4nksam milj\u00f6. Se lediga tj\u00e4nster, eller l\u00e4mna en spontanans\u00f6kan h\u00e4r.","twitter_misc":{"Ber\u00e4knad l\u00e4stid":"1 minut"},"schema":{"@context":"https:\/\/schema.org","@graph":[{"@type":"WebPage","@id":"https:\/\/thegameassembly.com\/se\/jobb\/","url":"https:\/\/thegameassembly.com\/se\/jobb\/","name":"Jobba hos oss | Se v\u00e5ra lediga tj\u00e4nster p\u00e5 The Game Assembly","isPartOf":{"@id":"https:\/\/thegameassembly.com\/se\/#website"},"datePublished":"2022-12-20T08:37:53+00:00","dateModified":"2026-02-18T14:50:07+00:00","description":"The Game Assembly erbjuder en kreativ, energigivande, ambiti\u00f6s och omt\u00e4nksam milj\u00f6. Se lediga tj\u00e4nster, eller l\u00e4mna en spontanans\u00f6kan h\u00e4r.","inLanguage":"sv-SE","potentialAction":[{"@type":"ReadAction","target":["https:\/\/thegameassembly.com\/se\/jobb\/"]}]},{"@type":"WebSite","@id":"https:\/\/thegameassembly.com\/se\/#website","url":"https:\/\/thegameassembly.com\/se\/","name":"The Game Assembly Sweden","description":"","publisher":{"@id":"https:\/\/thegameassembly.com\/se\/#organization"},"potentialAction":[{"@type":"SearchAction","target":{"@type":"EntryPoint","urlTemplate":"https:\/\/thegameassembly.com\/se\/?s={search_term_string}"},"query-input":"required name=search_term_string"}],"inLanguage":"sv-SE"},{"@type":"Organization","@id":"https:\/\/thegameassembly.com\/se\/#organization","name":"The Game Assembly Sweden","url":"https:\/\/thegameassembly.com\/se\/","logo":{"@type":"ImageObject","inLanguage":"sv-SE","@id":"https:\/\/thegameassembly.com\/se\/#\/schema\/logo\/image\/","url":"https:\/\/thegameassembly.com\/wp-content\/uploads\/sites\/2\/2022\/11\/tga-logotype-webb.png","contentUrl":"https:\/\/thegameassembly.com\/wp-content\/uploads\/sites\/2\/2022\/11\/tga-logotype-webb.png","width":400,"height":96,"caption":"The Game Assembly Sweden"},"image":{"@id":"https:\/\/thegameassembly.com\/se\/#\/schema\/logo\/image\/"}}]}},"_links":{"self":[{"href":"https:\/\/thegameassembly.com\/se\/wp-json\/wp\/v2\/pages\/2673"}],"collection":[{"href":"https:\/\/thegameassembly.com\/se\/wp-json\/wp\/v2\/pages"}],"about":[{"href":"https:\/\/thegameassembly.com\/se\/wp-json\/wp\/v2\/types\/page"}],"author":[{"embeddable":true,"href":"https:\/\/thegameassembly.com\/se\/wp-json\/wp\/v2\/users\/2"}],"replies":[{"embeddable":true,"href":"https:\/\/thegameassembly.com\/se\/wp-json\/wp\/v2\/comments?post=2673"}],"version-history":[{"count":9,"href":"https:\/\/thegameassembly.com\/se\/wp-json\/wp\/v2\/pages\/2673\/revisions"}],"predecessor-version":[{"id":14667,"href":"https:\/\/thegameassembly.com\/se\/wp-json\/wp\/v2\/pages\/2673\/revisions\/14667"}],"wp:attachment":[{"href":"https:\/\/thegameassembly.com\/se\/wp-json\/wp\/v2\/media?parent=2673"}],"curies":[{"name":"wp","href":"https:\/\/api.w.org\/{rel}","templated":true}]}}