{"id":12238,"date":"2024-11-26T12:55:29","date_gmt":"2024-11-26T11:55:29","guid":{"rendered":"https:\/\/thegameassembly.com\/se\/?page_id=12238"},"modified":"2025-12-17T11:14:34","modified_gmt":"2025-12-17T10:14:34","slug":"vilken-spelutbildning-passar-dig","status":"publish","type":"page","link":"https:\/\/thegameassembly.com\/se\/vilken-spelutbildning-passar-dig\/","title":{"rendered":"Testa v\u00e5rt quiz"},"content":{"rendered":"\n<div class=\"module_wrapper ams_background_module  site__primary-bg   site__text-color--light  cp-120\" >\n<div class=\"container_width--full_width_conIcon\">\n\t\n\n<div class=\"wp-block-group is-style-container is-layout-constrained wp-block-group-is-layout-constrained\">\n<div class=\"wp-block-columns is-layout-flex wp-container-core-columns-layout-1 wp-block-columns-is-layout-flex\">\n<div class=\"wp-block-column is-layout-flow wp-block-column-is-layout-flow\" style=\"flex-basis:66.66%\">\n<h5 class=\"wp-block-heading has-text-align-left has-lg-font-size\"><strong>Quiz<\/strong><\/h5>\n\n\n<div\n\t\n\tclass=\"\n\tc-separator\n\tc-separator--line\n\tc-separator--center\n\tc-separator--center@md\n\t\n\tu-mt-fluid-Ingen\n\tu-mb-fluid-Ingen\n\t\n\t\"\n\tstyle=\"\n\t--width-desk: 100%;\n\t--width-mob: 100%;\n\t\n\t\n\t--style: solid;\n\t\n\t\">\n\t\t\t<div class=\"c-separator__line\"><\/div>\n\t<\/div>\n\n\n\n<h1 class=\"wp-block-heading has-text-align-left has-2-xl-font-size\">Vilken spelutbildning passar dig?<\/h1>\n\n\n\n<p class=\"has-text-align-left\">Nyfiken p\u00e5 en karri\u00e4r inom spelutveckling? F\u00e5 reda p\u00e5 mer om vilken utbildning som kan passa dig genom att g\u00f6ra v\u00e5rt quiz!<\/p>\n<\/div>\n\n\n\n<div class=\"wp-block-column is-layout-flow wp-block-column-is-layout-flow\" style=\"flex-basis:33.33%\">\n<p><img loading=\"lazy\" decoding=\"async\" width=\"1149\" height=\"422\" class=\"wp-image-14069\" style=\"width: 500px;\" src=\"https:\/\/thegameassembly.com\/wp-content\/uploads\/sites\/2\/2025\/12\/hearts-white300x.png\" alt=\"\" srcset=\"https:\/\/thegameassembly.com\/wp-content\/uploads\/sites\/2\/2025\/12\/hearts-white300x.png 1149w, https:\/\/thegameassembly.com\/wp-content\/uploads\/sites\/2\/2025\/12\/hearts-white300x-300x110.png 300w, https:\/\/thegameassembly.com\/wp-content\/uploads\/sites\/2\/2025\/12\/hearts-white300x-400x147.png 400w, https:\/\/thegameassembly.com\/wp-content\/uploads\/sites\/2\/2025\/12\/hearts-white300x-600x220.png 600w, https:\/\/thegameassembly.com\/wp-content\/uploads\/sites\/2\/2025\/12\/hearts-white300x-800x294.png 800w, https:\/\/thegameassembly.com\/wp-content\/uploads\/sites\/2\/2025\/12\/hearts-white300x-1024x376.png 1024w\" sizes=\"(max-width: 1149px) 100vw, 1149px\" \/><\/p>\n<\/div>\n<\/div>\n\n\n\n<div   class=\"module_wrapper shortcode-module  site__primary-bg   site__text-color--light   typography__wrapper py-4\" id=\"quiz\">\n\n\t<div class=\"col-12 cmb-30 text-center col-md-8 offset-md-2\">\n\t<\/div>\n\n\t<div class=\"anchor_classes_div\"\n\t\t data-cta=\" nostyle site__a_cta \"\n\t\t data-theme=\" nostyle site__a_cta \"\n\t\t data-darklight=\" nostyle site__a_light \">\n\t\t\n\t<\/div>\n\n\t<div   class=\"shortcode-wrapper module-expand \">\n\t\t<a data-quiz=\"QJ7IMKZWU\" data-type=4 href=\"https:\/\/take.quiz-maker.com\/QJ7IMKZWU\">Loading&#8230;<\/a><script>(function(i,s,o,g,r,a,m){var ql=document.querySelectorAll('A[data-quiz],DIV[data-quiz]'); if(ql){if(ql.length){for(var k=0;k<ql.length;k++){ql[k].id='quiz-embed-'+k;ql[k].href=\"javascript:var i=document.getElementById('quiz-embed-\"+k+\"');try{qz.startQuiz(i)}catch(e){i.start=1;i.style.cursor='wait';i.style.opacity='0.5'};void(0);\"}}};i['QP']=r;i[r]=i[r]||function(){(i[r].q=i[r].q||[]).push(arguments)},i[r].l=1*new Date();a=s.createElement(o),m=s.getElementsByTagName(o)[0];a.async=1;a.src=g;m.parentNode.insertBefore(a,m)})(window,document,'script','https:\/\/take.quiz-maker.com\/3012\/CDN\/quiz-embed-v1.js','qp');<\/script>\t<\/div>\n\n\t<span   class=\"get-classlist btn text-center site__font-monospace pt-2 site__cta-bg--100 site__cta-bg--100 site__text-color--light site__text-color--dark slightly-rounded-corners-btn-shape mt-3 mr-4 mb-1 site__font-monospace\"\n\t\t  style=\"height:0px; opacity:0; margin:0 !important;\"><\/span>\n<\/div>\n\n<\/div>\n\n\n\n\t\t\t\t\t\t\t\t\t\t\t\t\t<\/div>\n<\/div>\n","protected":false},"excerpt":{"rendered":"","protected":false},"author":2,"featured_media":0,"parent":0,"menu_order":0,"comment_status":"closed","ping_status":"closed","template":"","meta":{"footnotes":""},"yoast_head":"<!-- This site is optimized with the Yoast SEO plugin v22.0 - https:\/\/yoast.com\/wordpress\/plugins\/seo\/ -->\n<title>Vilken spelutbildning passar dig? G\u00f6r The Game Assemblys quiz<\/title>\n<meta name=\"description\" content=\"Tillsammans med v\u00e5ra utbildare p\u00e5 TGA har vi tagit fram ett quiz d\u00e4r du f\u00e5r reda p\u00e5 mer om vilken utbildning som kan passa dig. Testa h\u00e4r!\" \/>\n<meta name=\"robots\" content=\"index, follow, max-snippet:-1, max-image-preview:large, max-video-preview:-1\" \/>\n<link rel=\"canonical\" href=\"https:\/\/thegameassembly.com\/se\/vilken-spelutbildning-passar-dig\/\" \/>\n<meta property=\"og:locale\" content=\"sv_SE\" \/>\n<meta property=\"og:type\" content=\"article\" \/>\n<meta property=\"og:title\" content=\"Vilken spelutbildning passar dig? G\u00f6r The Game Assemblys quiz\" \/>\n<meta property=\"og:description\" content=\"Tillsammans med v\u00e5ra utbildare p\u00e5 TGA har vi tagit fram ett quiz d\u00e4r du f\u00e5r reda p\u00e5 mer om vilken utbildning som kan passa dig. Testa h\u00e4r!\" \/>\n<meta property=\"og:url\" content=\"https:\/\/thegameassembly.com\/se\/vilken-spelutbildning-passar-dig\/\" \/>\n<meta property=\"og:site_name\" content=\"The Game Assembly Sweden\" \/>\n<meta property=\"article:modified_time\" content=\"2025-12-17T10:14:34+00:00\" \/>\n<meta property=\"og:image\" content=\"https:\/\/thegameassembly.com\/wp-content\/uploads\/sites\/2\/2025\/12\/hearts-white300x.png\" \/>\n<meta name=\"twitter:card\" content=\"summary_large_image\" \/>\n<meta name=\"twitter:title\" content=\"Vilken spelutbildning passar dig? G\u00f6r The Game Assemblys quiz\" \/>\n<meta name=\"twitter:description\" content=\"Tillsammans med v\u00e5ra utbildare p\u00e5 TGA har vi tagit fram ett quiz d\u00e4r du f\u00e5r reda p\u00e5 mer om vilken utbildning som kan passa dig. Testa h\u00e4r!\" \/>\n<meta name=\"twitter:label1\" content=\"Ber\u00e4knad l\u00e4stid\" \/>\n\t<meta name=\"twitter:data1\" content=\"1 minut\" \/>\n<script type=\"application\/ld+json\" class=\"yoast-schema-graph\">{\"@context\":\"https:\/\/schema.org\",\"@graph\":[{\"@type\":\"WebPage\",\"@id\":\"https:\/\/thegameassembly.com\/se\/vilken-spelutbildning-passar-dig\/\",\"url\":\"https:\/\/thegameassembly.com\/se\/vilken-spelutbildning-passar-dig\/\",\"name\":\"Vilken spelutbildning passar dig? G\u00f6r The Game Assemblys quiz\",\"isPartOf\":{\"@id\":\"https:\/\/thegameassembly.com\/se\/#website\"},\"datePublished\":\"2024-11-26T11:55:29+00:00\",\"dateModified\":\"2025-12-17T10:14:34+00:00\",\"description\":\"Tillsammans med v\u00e5ra utbildare p\u00e5 TGA har vi tagit fram ett quiz d\u00e4r du f\u00e5r reda p\u00e5 mer om vilken utbildning som kan passa dig. Testa h\u00e4r!\",\"inLanguage\":\"sv-SE\",\"potentialAction\":[{\"@type\":\"ReadAction\",\"target\":[\"https:\/\/thegameassembly.com\/se\/vilken-spelutbildning-passar-dig\/\"]}]},{\"@type\":\"WebSite\",\"@id\":\"https:\/\/thegameassembly.com\/se\/#website\",\"url\":\"https:\/\/thegameassembly.com\/se\/\",\"name\":\"The Game Assembly Sweden\",\"description\":\"\",\"publisher\":{\"@id\":\"https:\/\/thegameassembly.com\/se\/#organization\"},\"potentialAction\":[{\"@type\":\"SearchAction\",\"target\":{\"@type\":\"EntryPoint\",\"urlTemplate\":\"https:\/\/thegameassembly.com\/se\/?s={search_term_string}\"},\"query-input\":\"required name=search_term_string\"}],\"inLanguage\":\"sv-SE\"},{\"@type\":\"Organization\",\"@id\":\"https:\/\/thegameassembly.com\/se\/#organization\",\"name\":\"The Game Assembly Sweden\",\"url\":\"https:\/\/thegameassembly.com\/se\/\",\"logo\":{\"@type\":\"ImageObject\",\"inLanguage\":\"sv-SE\",\"@id\":\"https:\/\/thegameassembly.com\/se\/#\/schema\/logo\/image\/\",\"url\":\"https:\/\/thegameassembly.com\/wp-content\/uploads\/sites\/2\/2022\/11\/tga-logotype-webb.png\",\"contentUrl\":\"https:\/\/thegameassembly.com\/wp-content\/uploads\/sites\/2\/2022\/11\/tga-logotype-webb.png\",\"width\":400,\"height\":96,\"caption\":\"The Game Assembly Sweden\"},\"image\":{\"@id\":\"https:\/\/thegameassembly.com\/se\/#\/schema\/logo\/image\/\"}}]}<\/script>\n<!-- \/ Yoast SEO plugin. -->","yoast_head_json":{"title":"Vilken spelutbildning passar dig? G\u00f6r The Game Assemblys quiz","description":"Tillsammans med v\u00e5ra utbildare p\u00e5 TGA har vi tagit fram ett quiz d\u00e4r du f\u00e5r reda p\u00e5 mer om vilken utbildning som kan passa dig. Testa h\u00e4r!","robots":{"index":"index","follow":"follow","max-snippet":"max-snippet:-1","max-image-preview":"max-image-preview:large","max-video-preview":"max-video-preview:-1"},"canonical":"https:\/\/thegameassembly.com\/se\/vilken-spelutbildning-passar-dig\/","og_locale":"sv_SE","og_type":"article","og_title":"Vilken spelutbildning passar dig? G\u00f6r The Game Assemblys quiz","og_description":"Tillsammans med v\u00e5ra utbildare p\u00e5 TGA har vi tagit fram ett quiz d\u00e4r du f\u00e5r reda p\u00e5 mer om vilken utbildning som kan passa dig. Testa h\u00e4r!","og_url":"https:\/\/thegameassembly.com\/se\/vilken-spelutbildning-passar-dig\/","og_site_name":"The Game Assembly Sweden","article_modified_time":"2025-12-17T10:14:34+00:00","og_image":[{"url":"https:\/\/thegameassembly.com\/wp-content\/uploads\/sites\/2\/2025\/12\/hearts-white300x.png"}],"twitter_card":"summary_large_image","twitter_title":"Vilken spelutbildning passar dig? G\u00f6r The Game Assemblys quiz","twitter_description":"Tillsammans med v\u00e5ra utbildare p\u00e5 TGA har vi tagit fram ett quiz d\u00e4r du f\u00e5r reda p\u00e5 mer om vilken utbildning som kan passa dig. Testa h\u00e4r!","twitter_misc":{"Ber\u00e4knad l\u00e4stid":"1 minut"},"schema":{"@context":"https:\/\/schema.org","@graph":[{"@type":"WebPage","@id":"https:\/\/thegameassembly.com\/se\/vilken-spelutbildning-passar-dig\/","url":"https:\/\/thegameassembly.com\/se\/vilken-spelutbildning-passar-dig\/","name":"Vilken spelutbildning passar dig? G\u00f6r The Game Assemblys quiz","isPartOf":{"@id":"https:\/\/thegameassembly.com\/se\/#website"},"datePublished":"2024-11-26T11:55:29+00:00","dateModified":"2025-12-17T10:14:34+00:00","description":"Tillsammans med v\u00e5ra utbildare p\u00e5 TGA har vi tagit fram ett quiz d\u00e4r du f\u00e5r reda p\u00e5 mer om vilken utbildning som kan passa dig. Testa h\u00e4r!","inLanguage":"sv-SE","potentialAction":[{"@type":"ReadAction","target":["https:\/\/thegameassembly.com\/se\/vilken-spelutbildning-passar-dig\/"]}]},{"@type":"WebSite","@id":"https:\/\/thegameassembly.com\/se\/#website","url":"https:\/\/thegameassembly.com\/se\/","name":"The Game Assembly Sweden","description":"","publisher":{"@id":"https:\/\/thegameassembly.com\/se\/#organization"},"potentialAction":[{"@type":"SearchAction","target":{"@type":"EntryPoint","urlTemplate":"https:\/\/thegameassembly.com\/se\/?s={search_term_string}"},"query-input":"required name=search_term_string"}],"inLanguage":"sv-SE"},{"@type":"Organization","@id":"https:\/\/thegameassembly.com\/se\/#organization","name":"The Game Assembly Sweden","url":"https:\/\/thegameassembly.com\/se\/","logo":{"@type":"ImageObject","inLanguage":"sv-SE","@id":"https:\/\/thegameassembly.com\/se\/#\/schema\/logo\/image\/","url":"https:\/\/thegameassembly.com\/wp-content\/uploads\/sites\/2\/2022\/11\/tga-logotype-webb.png","contentUrl":"https:\/\/thegameassembly.com\/wp-content\/uploads\/sites\/2\/2022\/11\/tga-logotype-webb.png","width":400,"height":96,"caption":"The Game Assembly Sweden"},"image":{"@id":"https:\/\/thegameassembly.com\/se\/#\/schema\/logo\/image\/"}}]}},"_links":{"self":[{"href":"https:\/\/thegameassembly.com\/se\/wp-json\/wp\/v2\/pages\/12238"}],"collection":[{"href":"https:\/\/thegameassembly.com\/se\/wp-json\/wp\/v2\/pages"}],"about":[{"href":"https:\/\/thegameassembly.com\/se\/wp-json\/wp\/v2\/types\/page"}],"author":[{"embeddable":true,"href":"https:\/\/thegameassembly.com\/se\/wp-json\/wp\/v2\/users\/2"}],"replies":[{"embeddable":true,"href":"https:\/\/thegameassembly.com\/se\/wp-json\/wp\/v2\/comments?post=12238"}],"version-history":[{"count":9,"href":"https:\/\/thegameassembly.com\/se\/wp-json\/wp\/v2\/pages\/12238\/revisions"}],"predecessor-version":[{"id":14490,"href":"https:\/\/thegameassembly.com\/se\/wp-json\/wp\/v2\/pages\/12238\/revisions\/14490"}],"wp:attachment":[{"href":"https:\/\/thegameassembly.com\/se\/wp-json\/wp\/v2\/media?parent=12238"}],"curies":[{"name":"wp","href":"https:\/\/api.w.org\/{rel}","templated":true}]}}