{"id":12144,"date":"2024-10-31T15:34:48","date_gmt":"2024-10-31T14:34:48","guid":{"rendered":"https:\/\/thegameassembly.com\/se\/?page_id=12144"},"modified":"2026-01-30T14:27:56","modified_gmt":"2026-01-30T13:27:56","slug":"software-and-services","status":"publish","type":"page","link":"https:\/\/thegameassembly.com\/se\/software-and-services\/","title":{"rendered":"Software and Services"},"content":{"rendered":"\n\t\n\t\n\t\n\t\n\t\n\n<section \n\tclass=\"ams-hero ams-hero--classic ams-hero--75 c-block l-stacked  \"\n\tdata-color-scheme=\"new-header-bg-blackbite-text-white-button-deep-pixel-plum\"\n\tstyle=\"--hero-content-width: 700px;\">\n\t<div class=\"ams-hero__container u-items-start u-justify-end\">\n\t\t<div\n\t\t\tclass=\"ams-hero__content l-stack l-stack-xl is-left is-left@md\" >\n\t\t\t<div class=\"l-stack l-stack-lg\">\n\t\t\t\t\t\n\t<h1\n\tclass=\"c-heading u-font-title-1 \"\n\tstyle=\"\">\n\t\t\n\t\t\t\t\tSoftware and Services\n\t\t\t\t\n\t<\/h1>\n\n\t\t\t\t\t\t\t<\/div>\n\n\t\t\t\t\t<\/div>\n\t<\/div>\n\n\t\n\t\t\t\n\t\t\t\t\t\t\t\n\t\t\t\t<div class=\"c-bg c-bg--img\" data-settings=\"{&quot;desktop_settings&quot;:{&quot;size&quot;:&quot;cover&quot;,&quot;position&quot;:&quot;middle-center&quot;},&quot;mobile_settings&quot;:{&quot;size&quot;:&quot;cover&quot;,&quot;position&quot;:&quot;top-center&quot;}}\" data-position=\"middle-center\" data-size=\"cover\">\n\t\t\t<img loading=\"lazy\" decoding=\"async\" width=\"1920\" height=\"985\" src=\"https:\/\/thegameassembly.com\/wp-content\/uploads\/sites\/2\/2024\/10\/software-and-videos-theodorjohanssonportabelt-e1730384145571.jpg\" class=\"attachment-hero-lg size-hero-lg\" alt=\"\" sizes=\"(max-width: 1920px) 100vw, 1920px\" srcset=\"https:\/\/thegameassembly.com\/wp-content\/uploads\/sites\/2\/2024\/10\/software-and-videos-theodorjohanssonportabelt-e1730384145571.jpg 1920w, https:\/\/thegameassembly.com\/wp-content\/uploads\/sites\/2\/2024\/10\/software-and-videos-theodorjohanssonportabelt-e1730384145571-300x154.jpg 300w, https:\/\/thegameassembly.com\/wp-content\/uploads\/sites\/2\/2024\/10\/software-and-videos-theodorjohanssonportabelt-e1730384145571-400x205.jpg 400w, https:\/\/thegameassembly.com\/wp-content\/uploads\/sites\/2\/2024\/10\/software-and-videos-theodorjohanssonportabelt-e1730384145571-600x308.jpg 600w, https:\/\/thegameassembly.com\/wp-content\/uploads\/sites\/2\/2024\/10\/software-and-videos-theodorjohanssonportabelt-e1730384145571-800x410.jpg 800w, https:\/\/thegameassembly.com\/wp-content\/uploads\/sites\/2\/2024\/10\/software-and-videos-theodorjohanssonportabelt-e1730384145571-1024x525.jpg 1024w, https:\/\/thegameassembly.com\/wp-content\/uploads\/sites\/2\/2024\/10\/software-and-videos-theodorjohanssonportabelt-e1730384145571-1200x616.jpg 1200w\" \/>\n\t\t<\/div>\n\t\n\t<div class=\"c-overlay\" style=\"--overlay-bg: rgba(35,35,35,0.6);\"><\/div>\n<\/section>\n\n\n\n<div class=\"wp-block-group is-layout-constrained wp-block-group-is-layout-constrained\">\n<div class=\"wp-block-columns is-layout-flex wp-container-core-columns-layout-1 wp-block-columns-is-layout-flex\">\n<div class=\"wp-block-column is-layout-flow wp-block-column-is-layout-flow\" style=\"flex-basis:66.66%\">\n<h2 class=\"wp-block-heading\">Mjukvaror och tj\u00e4nster som f\u00f6rekommer p\u00e5 TGA<\/h2>\n\n\n\n<p>H\u00e4r nedan hittar du en sammanst\u00e4llning \u00f6ver mjukvaror och andra tj\u00e4nster som ofta anv\u00e4nds i v\u00e5r undervisning och i \u00f6vriga sammanhang p\u00e5 TGA.<\/p>\n\n\n\n<div style=\"height:35px\" aria-hidden=\"true\" class=\"wp-block-spacer\"><\/div>\n\n\n\n<h3 class=\"wp-block-heading\">Gemensamt f\u00f6r alla<\/h3>\n\n\n\n<ul>\n<li><a href=\"https:\/\/www.soundsnap.com\/\">Soundsnap<\/a><\/li>\n\n\n\n<li><a href=\"https:\/\/www.jetbrains.com\/youtrack\/\">Youtrack<\/a><\/li>\n\n\n\n<li><a href=\"https:\/\/www.perforce.com\/products\/helix-core-apps\/helix-visual-client-p4v\">P4V (Perforce)<\/a><\/li>\n\n\n\n<li><a href=\"https:\/\/unity.com\/\">Unity<\/a><\/li>\n<\/ul>\n\n\n\n<div style=\"height:35px\" aria-hidden=\"true\" class=\"wp-block-spacer\"><\/div>\n\n\n\n<h3 class=\"wp-block-heading\">Specificerat per utbildning<\/h3>\n\n\n\n\n<section  class=\"ams-accordion c-block l-stacked\" data-color-scheme=\"new-faq-dragspel-bg-white-card-white-hover-deep-pixel-plum\">\n\t<div class=\"l-stack l-stack-fluid-2xl u-pt-fluid-Ingen u-pb-fluid-2xl-4xl is-left is-left@md\">\n\t\t\n\t\t\t<div\n\t\tclass=\"module_wrapper ams-accordion_module\"\n\t>\n\t\t\t\t<ul\n\t\t\tclass=\"ams-accordion-list c-accordion\"\n\t\t\taria-label=\"Dragspel\"\n\t\t\tdata-variant=\"border-between\"\n\t\t>\n\n\t\t\t\t\t\t\t<li class=\"c-accordion__item\">\n\t\t\t\t\t<h3 class=\"c-accordion__header u-font-title-4\">\n\t\t\t\t\t\t\t\t\t\t\t\t<button class=\"c-accordion__trigger u-py-sm u-px-fluid-md-xl\">\n\t\t\t\t\t\t\t<span>Leveldesigner<\/span>\n\t\t\t\t\t\t\t<svg class=\"ams-icon ams-icon__arrow-down\" width=\"24\" height=\"24\" viewbox=\"0 0 24 24\" fill=\"currentColor\" aria-hidden=\"true\" xmlns=\"http:\/\/www.w3.org\/2000\/svg\">\n\t\t\t\t\t\t\t\t\t\t\t\t\t\t\t<path d=\"m11.2033 18.4294-10.872894-10.67584c-.440539-.42594-.440539-1.1147 0-1.54065l.665495-.64345c.440539-.42595 1.152899-.42595 1.593439 0l9.41066 9.27114 9.4107-9.26207c.4405-.42595 1.1529-.42595 1.5934 0l.6655.64345c.4405.42594.4405 1.1147 0 1.54065l-10.8729 10.67587c-.4405.4168-1.1529.4168-1.5934-.0091z\"\/>\n\t\t\t\t\t\t\n\t\t\t\t\t\t\t<\/svg>\n\t\t\t\t\t\t<\/button>\n\t\t\t\t\t<\/h3>\n\t\t\t\t\t<div class=\"c-accordion__body u-font-body\">\n\t\t\t\t\t\t<div class=\"c-accordion__body__inner u-p-fluid-md-xl l-stack\">\n\t\t\t\t\t\t\t<ul>\n<li><a href=\"https:\/\/www.blender.org\/\">Blender<\/a><\/li>\n<li><a href=\"https:\/\/www.unrealengine.com\/en-US\">Unreal<\/a><\/li>\n<\/ul>\n\n\t\t\t\t\t\t<\/div>\n\t\t\t\t\t<\/div>\n\t\t\t\t<\/li>\n\t\t\t\t\t\t\t<li class=\"c-accordion__item\">\n\t\t\t\t\t<h3 class=\"c-accordion__header u-font-title-4\">\n\t\t\t\t\t\t\t\t\t\t\t\t<button class=\"c-accordion__trigger u-py-sm u-px-fluid-md-xl\">\n\t\t\t\t\t\t\t<span>Spelanimat\u00f6r<\/span>\n\t\t\t\t\t\t\t<svg class=\"ams-icon ams-icon__arrow-down\" width=\"24\" height=\"24\" viewbox=\"0 0 24 24\" fill=\"currentColor\" aria-hidden=\"true\" xmlns=\"http:\/\/www.w3.org\/2000\/svg\">\n\t\t\t\t\t\t\t\t\t\t\t\t\t\t\t<path d=\"m11.2033 18.4294-10.872894-10.67584c-.440539-.42594-.440539-1.1147 0-1.54065l.665495-.64345c.440539-.42595 1.152899-.42595 1.593439 0l9.41066 9.27114 9.4107-9.26207c.4405-.42595 1.1529-.42595 1.5934 0l.6655.64345c.4405.42594.4405 1.1147 0 1.54065l-10.8729 10.67587c-.4405.4168-1.1529.4168-1.5934-.0091z\"\/>\n\t\t\t\t\t\t\n\t\t\t\t\t\t\t<\/svg>\n\t\t\t\t\t\t<\/button>\n\t\t\t\t\t<\/h3>\n\t\t\t\t\t<div class=\"c-accordion__body u-font-body\">\n\t\t\t\t\t\t<div class=\"c-accordion__body__inner u-p-fluid-md-xl l-stack\">\n\t\t\t\t\t\t\t<ul>\n<li style=\"text-align: left;\"><a href=\"https:\/\/www.blackmagicdesign.com\/products\/davinciresolve\">DaVinci Resolve<\/a><\/li>\n<li><a href=\"https:\/\/www.autodesk.com\/products\/maya\">Maya<\/a><\/li>\n<li><a href=\"https:\/\/www.autodesk.com\/products\/motionbuilder\/\">Motionbuilder<\/a><\/li>\n<li><a href=\"https:\/\/www.perforce.com\/\">Perforce<\/a><\/li>\n<li><a href=\"https:\/\/www.adobe.com\/se\/products\/photoshop.html\">Photoshop<\/a><\/li>\n<li><a href=\"https:\/\/www.movella.com\/products\/motion-capture\/xsens-mvn-animate\">Xsense<\/a><\/li>\n<li><a href=\"https:\/\/www.unrealengine.com\/en-US\">Unreal<\/a><\/li>\n<li><a href=\"https:\/\/www.maxon.net\/en\/zbrush\">Zbrush<\/a><\/li>\n<\/ul>\n\n\t\t\t\t\t\t<\/div>\n\t\t\t\t\t<\/div>\n\t\t\t\t<\/li>\n\t\t\t\t\t\t\t<li class=\"c-accordion__item\">\n\t\t\t\t\t<h3 class=\"c-accordion__header u-font-title-4\">\n\t\t\t\t\t\t\t\t\t\t\t\t<button class=\"c-accordion__trigger u-py-sm u-px-fluid-md-xl\">\n\t\t\t\t\t\t\t<span>Spelgrafiker<\/span>\n\t\t\t\t\t\t\t<svg class=\"ams-icon ams-icon__arrow-down\" width=\"24\" height=\"24\" viewbox=\"0 0 24 24\" fill=\"currentColor\" aria-hidden=\"true\" xmlns=\"http:\/\/www.w3.org\/2000\/svg\">\n\t\t\t\t\t\t\t\t\t\t\t\t\t\t\t<path d=\"m11.2033 18.4294-10.872894-10.67584c-.440539-.42594-.440539-1.1147 0-1.54065l.665495-.64345c.440539-.42595 1.152899-.42595 1.593439 0l9.41066 9.27114 9.4107-9.26207c.4405-.42595 1.1529-.42595 1.5934 0l.6655.64345c.4405.42594.4405 1.1147 0 1.54065l-10.8729 10.67587c-.4405.4168-1.1529.4168-1.5934-.0091z\"\/>\n\t\t\t\t\t\t\n\t\t\t\t\t\t\t<\/svg>\n\t\t\t\t\t\t<\/button>\n\t\t\t\t\t<\/h3>\n\t\t\t\t\t<div class=\"c-accordion__body u-font-body\">\n\t\t\t\t\t\t<div class=\"c-accordion__body__inner u-p-fluid-md-xl l-stack\">\n\t\t\t\t\t\t\t<ul>\n<li><a href=\"https:\/\/www.blender.org\/\">Blender<\/a><\/li>\n<li><a href=\"https:\/\/www.adobe.com\/se\/products\/photoshop.html\">Photoshop<\/a><\/li>\n<li><a href=\"https:\/\/www.adobe.com\/products\/substance3d\/apps\/painter.html\">Substance Painter<\/a><\/li>\n<li><a href=\"https:\/\/www.adobe.com\/products\/substance3d\/apps\/designer.html\">Substance Designer<\/a><\/li>\n<li><a href=\"https:\/\/www.maxon.net\/en\/zbrush\">ZBrush<\/a><\/li>\n<li><a href=\"https:\/\/www.unrealengine.com\/en-US\">Unreal<\/a><\/li>\n<\/ul>\n\n\t\t\t\t\t\t<\/div>\n\t\t\t\t\t<\/div>\n\t\t\t\t<\/li>\n\t\t\t\t\t\t\t<li class=\"c-accordion__item\">\n\t\t\t\t\t<h3 class=\"c-accordion__header u-font-title-4\">\n\t\t\t\t\t\t\t\t\t\t\t\t<button class=\"c-accordion__trigger u-py-sm u-px-fluid-md-xl\">\n\t\t\t\t\t\t\t<span>Game Programmer<\/span>\n\t\t\t\t\t\t\t<svg class=\"ams-icon ams-icon__arrow-down\" width=\"24\" height=\"24\" viewbox=\"0 0 24 24\" fill=\"currentColor\" aria-hidden=\"true\" xmlns=\"http:\/\/www.w3.org\/2000\/svg\">\n\t\t\t\t\t\t\t\t\t\t\t\t\t\t\t<path d=\"m11.2033 18.4294-10.872894-10.67584c-.440539-.42594-.440539-1.1147 0-1.54065l.665495-.64345c.440539-.42595 1.152899-.42595 1.593439 0l9.41066 9.27114 9.4107-9.26207c.4405-.42595 1.1529-.42595 1.5934 0l.6655.64345c.4405.42594.4405 1.1147 0 1.54065l-10.8729 10.67587c-.4405.4168-1.1529.4168-1.5934-.0091z\"\/>\n\t\t\t\t\t\t\n\t\t\t\t\t\t\t<\/svg>\n\t\t\t\t\t\t<\/button>\n\t\t\t\t\t<\/h3>\n\t\t\t\t\t<div class=\"c-accordion__body u-font-body\">\n\t\t\t\t\t\t<div class=\"c-accordion__body__inner u-p-fluid-md-xl l-stack\">\n\t\t\t\t\t\t\t<ul>\n<li><a href=\"https:\/\/marketplace.visualstudio.com\/items?itemName=ms-vscode.cpptools\">C++<\/a><\/li>\n<li><a href=\"https:\/\/www.dearimgui.com\/\">Dear Imgui<\/a><\/li>\n<li><a href=\"https:\/\/www.microsoft.com\/en-us\/download\/details.aspx?id=6812\">DirectX<\/a><\/li>\n<li><a href=\"https:\/\/renderdoc.org\/\">RenderDoc<\/a><\/li>\n<li><a href=\"https:\/\/visualstudio.microsoft.com\/vs\/community\/\">Visual Studio Community 2022<\/a><\/li>\n<\/ul>\n\n\t\t\t\t\t\t<\/div>\n\t\t\t\t\t<\/div>\n\t\t\t\t<\/li>\n\t\t\t\t\t\t\t<li class=\"c-accordion__item\">\n\t\t\t\t\t<h3 class=\"c-accordion__header u-font-title-4\">\n\t\t\t\t\t\t\t\t\t\t\t\t<button class=\"c-accordion__trigger u-py-sm u-px-fluid-md-xl\">\n\t\t\t\t\t\t\t<span>Procedural Artist<\/span>\n\t\t\t\t\t\t\t<svg class=\"ams-icon ams-icon__arrow-down\" width=\"24\" height=\"24\" viewbox=\"0 0 24 24\" fill=\"currentColor\" aria-hidden=\"true\" xmlns=\"http:\/\/www.w3.org\/2000\/svg\">\n\t\t\t\t\t\t\t\t\t\t\t\t\t\t\t<path d=\"m11.2033 18.4294-10.872894-10.67584c-.440539-.42594-.440539-1.1147 0-1.54065l.665495-.64345c.440539-.42595 1.152899-.42595 1.593439 0l9.41066 9.27114 9.4107-9.26207c.4405-.42595 1.1529-.42595 1.5934 0l.6655.64345c.4405.42594.4405 1.1147 0 1.54065l-10.8729 10.67587c-.4405.4168-1.1529.4168-1.5934-.0091z\"\/>\n\t\t\t\t\t\t\n\t\t\t\t\t\t\t<\/svg>\n\t\t\t\t\t\t<\/button>\n\t\t\t\t\t<\/h3>\n\t\t\t\t\t<div class=\"c-accordion__body u-font-body\">\n\t\t\t\t\t\t<div class=\"c-accordion__body__inner u-p-fluid-md-xl l-stack\">\n\t\t\t\t\t\t\t<ul>\n<li><a href=\"https:\/\/www.sidefx.com\/\">Houdini<\/a><\/li>\n<li><a href=\"https:\/\/www.adobe.com\/se\/products\/photoshop.html\">Photoshop<\/a><\/li>\n<li><a href=\"https:\/\/www.python.org\/\">Python<\/a><\/li>\n<li><a href=\"https:\/\/www.capturingreality.com\/\">Reality Capture<\/a><\/li>\n<li><a href=\"https:\/\/www.adobe.com\/products\/substance3d\/apps\/painter.html\">Substance Painter<\/a><\/li>\n<li><a href=\"https:\/\/www.adobe.com\/products\/substance3d\/apps\/designer.html\">Substance Designer<\/a><\/li>\n<li><a href=\"https:\/\/www.unrealengine.com\/en-US\">Unreal<\/a><\/li>\n<\/ul>\n\n\t\t\t\t\t\t<\/div>\n\t\t\t\t\t<\/div>\n\t\t\t\t<\/li>\n\t\t\t\t\t\t\t<li class=\"c-accordion__item\">\n\t\t\t\t\t<h3 class=\"c-accordion__header u-font-title-4\">\n\t\t\t\t\t\t\t\t\t\t\t\t<button class=\"c-accordion__trigger u-py-sm u-px-fluid-md-xl\">\n\t\t\t\t\t\t\t<span>Technical Artist<\/span>\n\t\t\t\t\t\t\t<svg class=\"ams-icon ams-icon__arrow-down\" width=\"24\" height=\"24\" viewbox=\"0 0 24 24\" fill=\"currentColor\" aria-hidden=\"true\" xmlns=\"http:\/\/www.w3.org\/2000\/svg\">\n\t\t\t\t\t\t\t\t\t\t\t\t\t\t\t<path d=\"m11.2033 18.4294-10.872894-10.67584c-.440539-.42594-.440539-1.1147 0-1.54065l.665495-.64345c.440539-.42595 1.152899-.42595 1.593439 0l9.41066 9.27114 9.4107-9.26207c.4405-.42595 1.1529-.42595 1.5934 0l.6655.64345c.4405.42594.4405 1.1147 0 1.54065l-10.8729 10.67587c-.4405.4168-1.1529.4168-1.5934-.0091z\"\/>\n\t\t\t\t\t\t\n\t\t\t\t\t\t\t<\/svg>\n\t\t\t\t\t\t<\/button>\n\t\t\t\t\t<\/h3>\n\t\t\t\t\t<div class=\"c-accordion__body u-font-body\">\n\t\t\t\t\t\t<div class=\"c-accordion__body__inner u-p-fluid-md-xl l-stack\">\n\t\t\t\t\t\t\t<ul>\n<li><a href=\"https:\/\/www.autodesk.com\/products\/maya\/\">Maya<\/a><\/li>\n<li><a href=\"https:\/\/www.adobe.com\/se\/products\/photoshop.html\">Photoshop<\/a><\/li>\n<li><a href=\"https:\/\/www.adobe.com\/products\/substance3d\/apps\/designer.html\">Substance Designer<\/a><\/li>\n<li><a href=\"https:\/\/www.sidefx.com\/\">Houdini<\/a><\/li>\n<li><a href=\"https:\/\/www.unrealengine.com\/en-US\">Unreal<\/a><\/li>\n<\/ul>\n\n\t\t\t\t\t\t<\/div>\n\t\t\t\t\t<\/div>\n\t\t\t\t<\/li>\n\t\t\t\t\t<\/ul>\n\t\t\t<\/div>\n\n\t\t\t<\/div>\n\n\t\t\n\n<\/section>\n<\/div>\n\n\n\n<div class=\"wp-block-column is-layout-flow wp-block-column-is-layout-flow\" style=\"flex-basis:33.33%\"><\/div>\n<\/div>\n<\/div>\n","protected":false},"excerpt":{"rendered":"<p>Mjukvaror och tj\u00e4nster som f\u00f6rekommer p\u00e5 TGA H\u00e4r nedan hittar du en sammanst\u00e4llning \u00f6ver mjukvaror och andra tj\u00e4nster som ofta anv\u00e4nds i v\u00e5r undervisning och i \u00f6vriga sammanhang p\u00e5 TGA. Gemensamt f\u00f6r alla Specificerat per utbildning<\/p>\n","protected":false},"author":2,"featured_media":0,"parent":0,"menu_order":0,"comment_status":"closed","ping_status":"closed","template":"","meta":{"footnotes":""},"yoast_head":"<!-- This site is optimized with the Yoast SEO plugin v22.0 - https:\/\/yoast.com\/wordpress\/plugins\/seo\/ -->\n<title>Software and Services - The Game Assembly<\/title>\n<meta name=\"description\" content=\"H\u00e4r listas programvara och digitala tj\u00e4nster som anv\u00e4nds i v\u00e5ra utbildningar \u2013 allt fr\u00e5n spelmotorer till versionshantering och 3D-verktyg.\" \/>\n<meta name=\"robots\" content=\"index, follow, max-snippet:-1, max-image-preview:large, max-video-preview:-1\" \/>\n<link rel=\"canonical\" href=\"https:\/\/thegameassembly.com\/se\/software-and-services\/\" \/>\n<meta property=\"og:locale\" content=\"sv_SE\" \/>\n<meta property=\"og:type\" content=\"article\" \/>\n<meta property=\"og:title\" content=\"Software and Services - The Game Assembly\" \/>\n<meta property=\"og:description\" content=\"H\u00e4r listas programvara och digitala tj\u00e4nster som anv\u00e4nds i v\u00e5ra utbildningar \u2013 allt fr\u00e5n spelmotorer till versionshantering och 3D-verktyg.\" \/>\n<meta property=\"og:url\" content=\"https:\/\/thegameassembly.com\/se\/software-and-services\/\" \/>\n<meta property=\"og:site_name\" content=\"The Game Assembly Sweden\" \/>\n<meta property=\"article:modified_time\" content=\"2026-01-30T13:27:56+00:00\" \/>\n<meta name=\"twitter:card\" content=\"summary_large_image\" \/>\n<meta name=\"twitter:title\" content=\"Software and Services - The Game Assembly\" \/>\n<meta name=\"twitter:description\" content=\"H\u00e4r listas programvara och digitala tj\u00e4nster som anv\u00e4nds i v\u00e5ra utbildningar \u2013 allt fr\u00e5n spelmotorer till versionshantering och 3D-verktyg.\" \/>\n<meta name=\"twitter:label1\" content=\"Ber\u00e4knad l\u00e4stid\" \/>\n\t<meta name=\"twitter:data1\" content=\"1 minut\" \/>\n<script type=\"application\/ld+json\" class=\"yoast-schema-graph\">{\"@context\":\"https:\/\/schema.org\",\"@graph\":[{\"@type\":\"WebPage\",\"@id\":\"https:\/\/thegameassembly.com\/se\/software-and-services\/\",\"url\":\"https:\/\/thegameassembly.com\/se\/software-and-services\/\",\"name\":\"Software and Services - The Game Assembly\",\"isPartOf\":{\"@id\":\"https:\/\/thegameassembly.com\/se\/#website\"},\"datePublished\":\"2024-10-31T14:34:48+00:00\",\"dateModified\":\"2026-01-30T13:27:56+00:00\",\"description\":\"H\u00e4r listas programvara och digitala tj\u00e4nster som anv\u00e4nds i v\u00e5ra utbildningar \u2013 allt fr\u00e5n spelmotorer till versionshantering och 3D-verktyg.\",\"inLanguage\":\"sv-SE\",\"potentialAction\":[{\"@type\":\"ReadAction\",\"target\":[\"https:\/\/thegameassembly.com\/se\/software-and-services\/\"]}]},{\"@type\":\"WebSite\",\"@id\":\"https:\/\/thegameassembly.com\/se\/#website\",\"url\":\"https:\/\/thegameassembly.com\/se\/\",\"name\":\"The Game Assembly Sweden\",\"description\":\"\",\"publisher\":{\"@id\":\"https:\/\/thegameassembly.com\/se\/#organization\"},\"potentialAction\":[{\"@type\":\"SearchAction\",\"target\":{\"@type\":\"EntryPoint\",\"urlTemplate\":\"https:\/\/thegameassembly.com\/se\/?s={search_term_string}\"},\"query-input\":\"required name=search_term_string\"}],\"inLanguage\":\"sv-SE\"},{\"@type\":\"Organization\",\"@id\":\"https:\/\/thegameassembly.com\/se\/#organization\",\"name\":\"The Game Assembly Sweden\",\"url\":\"https:\/\/thegameassembly.com\/se\/\",\"logo\":{\"@type\":\"ImageObject\",\"inLanguage\":\"sv-SE\",\"@id\":\"https:\/\/thegameassembly.com\/se\/#\/schema\/logo\/image\/\",\"url\":\"https:\/\/thegameassembly.com\/wp-content\/uploads\/sites\/2\/2022\/11\/tga-logotype-webb.png\",\"contentUrl\":\"https:\/\/thegameassembly.com\/wp-content\/uploads\/sites\/2\/2022\/11\/tga-logotype-webb.png\",\"width\":400,\"height\":96,\"caption\":\"The Game Assembly Sweden\"},\"image\":{\"@id\":\"https:\/\/thegameassembly.com\/se\/#\/schema\/logo\/image\/\"}}]}<\/script>\n<!-- \/ Yoast SEO plugin. -->","yoast_head_json":{"title":"Software and Services - The Game Assembly","description":"H\u00e4r listas programvara och digitala tj\u00e4nster som anv\u00e4nds i v\u00e5ra utbildningar \u2013 allt fr\u00e5n spelmotorer till versionshantering och 3D-verktyg.","robots":{"index":"index","follow":"follow","max-snippet":"max-snippet:-1","max-image-preview":"max-image-preview:large","max-video-preview":"max-video-preview:-1"},"canonical":"https:\/\/thegameassembly.com\/se\/software-and-services\/","og_locale":"sv_SE","og_type":"article","og_title":"Software and Services - The Game Assembly","og_description":"H\u00e4r listas programvara och digitala tj\u00e4nster som anv\u00e4nds i v\u00e5ra utbildningar \u2013 allt fr\u00e5n spelmotorer till versionshantering och 3D-verktyg.","og_url":"https:\/\/thegameassembly.com\/se\/software-and-services\/","og_site_name":"The Game Assembly Sweden","article_modified_time":"2026-01-30T13:27:56+00:00","twitter_card":"summary_large_image","twitter_title":"Software and Services - The Game Assembly","twitter_description":"H\u00e4r listas programvara och digitala tj\u00e4nster som anv\u00e4nds i v\u00e5ra utbildningar \u2013 allt fr\u00e5n spelmotorer till versionshantering och 3D-verktyg.","twitter_misc":{"Ber\u00e4knad l\u00e4stid":"1 minut"},"schema":{"@context":"https:\/\/schema.org","@graph":[{"@type":"WebPage","@id":"https:\/\/thegameassembly.com\/se\/software-and-services\/","url":"https:\/\/thegameassembly.com\/se\/software-and-services\/","name":"Software and Services - The Game Assembly","isPartOf":{"@id":"https:\/\/thegameassembly.com\/se\/#website"},"datePublished":"2024-10-31T14:34:48+00:00","dateModified":"2026-01-30T13:27:56+00:00","description":"H\u00e4r listas programvara och digitala tj\u00e4nster som anv\u00e4nds i v\u00e5ra utbildningar \u2013 allt fr\u00e5n spelmotorer till versionshantering och 3D-verktyg.","inLanguage":"sv-SE","potentialAction":[{"@type":"ReadAction","target":["https:\/\/thegameassembly.com\/se\/software-and-services\/"]}]},{"@type":"WebSite","@id":"https:\/\/thegameassembly.com\/se\/#website","url":"https:\/\/thegameassembly.com\/se\/","name":"The Game Assembly Sweden","description":"","publisher":{"@id":"https:\/\/thegameassembly.com\/se\/#organization"},"potentialAction":[{"@type":"SearchAction","target":{"@type":"EntryPoint","urlTemplate":"https:\/\/thegameassembly.com\/se\/?s={search_term_string}"},"query-input":"required name=search_term_string"}],"inLanguage":"sv-SE"},{"@type":"Organization","@id":"https:\/\/thegameassembly.com\/se\/#organization","name":"The Game Assembly Sweden","url":"https:\/\/thegameassembly.com\/se\/","logo":{"@type":"ImageObject","inLanguage":"sv-SE","@id":"https:\/\/thegameassembly.com\/se\/#\/schema\/logo\/image\/","url":"https:\/\/thegameassembly.com\/wp-content\/uploads\/sites\/2\/2022\/11\/tga-logotype-webb.png","contentUrl":"https:\/\/thegameassembly.com\/wp-content\/uploads\/sites\/2\/2022\/11\/tga-logotype-webb.png","width":400,"height":96,"caption":"The Game Assembly Sweden"},"image":{"@id":"https:\/\/thegameassembly.com\/se\/#\/schema\/logo\/image\/"}}]}},"_links":{"self":[{"href":"https:\/\/thegameassembly.com\/se\/wp-json\/wp\/v2\/pages\/12144"}],"collection":[{"href":"https:\/\/thegameassembly.com\/se\/wp-json\/wp\/v2\/pages"}],"about":[{"href":"https:\/\/thegameassembly.com\/se\/wp-json\/wp\/v2\/types\/page"}],"author":[{"embeddable":true,"href":"https:\/\/thegameassembly.com\/se\/wp-json\/wp\/v2\/users\/2"}],"replies":[{"embeddable":true,"href":"https:\/\/thegameassembly.com\/se\/wp-json\/wp\/v2\/comments?post=12144"}],"version-history":[{"count":10,"href":"https:\/\/thegameassembly.com\/se\/wp-json\/wp\/v2\/pages\/12144\/revisions"}],"predecessor-version":[{"id":14647,"href":"https:\/\/thegameassembly.com\/se\/wp-json\/wp\/v2\/pages\/12144\/revisions\/14647"}],"wp:attachment":[{"href":"https:\/\/thegameassembly.com\/se\/wp-json\/wp\/v2\/media?parent=12144"}],"curies":[{"name":"wp","href":"https:\/\/api.w.org\/{rel}","templated":true}]}}